{"id":568,"date":"2024-02-26T13:38:42","date_gmt":"2024-02-26T13:38:42","guid":{"rendered":"https:\/\/cie-laclandestine.fr\/?page_id=568"},"modified":"2026-04-08T13:58:58","modified_gmt":"2026-04-08T13:58:58","slug":"agenda","status":"publish","type":"page","link":"https:\/\/cie-laclandestine.fr\/index.php\/agenda\/","title":{"rendered":"Agenda"},"content":{"rendered":"\t\t<div data-elementor-type=\"wp-page\" data-elementor-id=\"568\" class=\"elementor elementor-568\">\n\t\t\t\t\t\t\t\t\t<section class=\"elementor-section elementor-top-section elementor-element elementor-element-8d6d322 elementor-section-boxed elementor-section-height-default elementor-section-height-default\" data-id=\"8d6d322\" data-element_type=\"section\">\n\t\t\t\t\t\t<div class=\"elementor-container elementor-column-gap-default\">\n\t\t\t\t\t<div class=\"elementor-column elementor-col-100 elementor-top-column elementor-element elementor-element-445b75e\" data-id=\"445b75e\" data-element_type=\"column\">\n\t\t\t<div class=\"elementor-widget-wrap\">\n\t\t\t\t\t\t\t\t\t<\/div>\n\t\t<\/div>\n\t\t\t\t\t\t\t<\/div>\n\t\t<\/section>\n\t\t\t\t<section class=\"elementor-section elementor-top-section elementor-element elementor-element-910ec7f elementor-section-boxed elementor-section-height-default elementor-section-height-default\" data-id=\"910ec7f\" data-element_type=\"section\">\n\t\t\t\t\t\t<div class=\"elementor-container elementor-column-gap-default\">\n\t\t\t\t\t<div class=\"elementor-column elementor-col-100 elementor-top-column elementor-element elementor-element-25bae3f\" data-id=\"25bae3f\" data-element_type=\"column\">\n\t\t\t<div class=\"elementor-widget-wrap elementor-element-populated\">\n\t\t\t\t\t\t\t\t<div class=\"elementor-element elementor-element-730662d elementor-widget elementor-widget-heading\" data-id=\"730662d\" data-element_type=\"widget\" data-widget_type=\"heading.default\">\n\t\t\t\t<div class=\"elementor-widget-container\">\n\t\t\t<style>\/*! elementor - v3.14.0 - 26-06-2023 *\/\n.elementor-heading-title{padding:0;margin:0;line-height:1}.elementor-widget-heading .elementor-heading-title[class*=elementor-size-]>a{color:inherit;font-size:inherit;line-height:inherit}.elementor-widget-heading .elementor-heading-title.elementor-size-small{font-size:15px}.elementor-widget-heading .elementor-heading-title.elementor-size-medium{font-size:19px}.elementor-widget-heading .elementor-heading-title.elementor-size-large{font-size:29px}.elementor-widget-heading .elementor-heading-title.elementor-size-xl{font-size:39px}.elementor-widget-heading .elementor-heading-title.elementor-size-xxl{font-size:59px}<\/style><h2 class=\"elementor-heading-title elementor-size-default\">AGENDA<\/h2>\t\t<\/div>\n\t\t\t\t<\/div>\n\t\t\t\t<div class=\"elementor-element elementor-element-79f77c0 elementor-widget elementor-widget-text-editor\" data-id=\"79f77c0\" data-element_type=\"widget\" data-widget_type=\"text-editor.default\">\n\t\t\t\t<div class=\"elementor-widget-container\">\n\t\t\t<style>\/*! elementor - v3.14.0 - 26-06-2023 *\/\n.elementor-widget-text-editor.elementor-drop-cap-view-stacked .elementor-drop-cap{background-color:#69727d;color:#fff}.elementor-widget-text-editor.elementor-drop-cap-view-framed .elementor-drop-cap{color:#69727d;border:3px solid;background-color:transparent}.elementor-widget-text-editor:not(.elementor-drop-cap-view-default) .elementor-drop-cap{margin-top:8px}.elementor-widget-text-editor:not(.elementor-drop-cap-view-default) .elementor-drop-cap-letter{width:1em;height:1em}.elementor-widget-text-editor .elementor-drop-cap{float:left;text-align:center;line-height:1;font-size:50px}.elementor-widget-text-editor .elementor-drop-cap-letter{display:inline-block}<\/style>\t\t\t\t<p><b>Contact diffusion<br><\/b><span style=\"font-size: 21px; color: var( --e-global-color-text );\">Ma\u00eblys Braque, 06 26 46 78 70, diffusion[at]cie-laclandestine.fr<\/span><\/p>\t\t\t\t\t\t<\/div>\n\t\t\t\t<\/div>\n\t\t\t\t<div class=\"elementor-element elementor-element-67b0ea0 elementor-widget elementor-widget-text-editor\" data-id=\"67b0ea0\" data-element_type=\"widget\" data-widget_type=\"text-editor.default\">\n\t\t\t\t<div class=\"elementor-widget-container\">\n\t\t\t\t\t\t\t<p><b>La billetterie est g\u00e9r\u00e9e par les structures organisatrices, sauf mention contraire.<\/b><br><\/p>\t\t\t\t\t\t<\/div>\n\t\t\t\t<\/div>\n\t\t\t\t<div class=\"elementor-element elementor-element-db1a078 elementor-widget elementor-widget-heading\" data-id=\"db1a078\" data-element_type=\"widget\" data-widget_type=\"heading.default\">\n\t\t\t\t<div class=\"elementor-widget-container\">\n\t\t\t<h2 class=\"elementor-heading-title elementor-size-default\">2026<\/h2>\t\t<\/div>\n\t\t\t\t<\/div>\n\t\t\t\t<div class=\"elementor-element elementor-element-554a73b elementor-widget elementor-widget-text-editor\" data-id=\"554a73b\" data-element_type=\"widget\" data-widget_type=\"text-editor.default\">\n\t\t\t\t<div class=\"elementor-widget-container\">\n\t\t\t\t\t\t\t<ul style=\"font-variant-ligatures: normal; font-variant-caps: normal; font-family: 'Playfair Display', sans-serif; font-size: medium; color: #222222;\">\n<li style=\"font-style: normal; font-size: 16px;\"><span style=\"font-size: 16px;\"><b>23<\/b><\/span><b><span style=\"font-size: 16px;\"> Ja<\/span><\/b><span style=\"font-weight: bold; font-size: 16px;\">nvier 2026<\/span>&nbsp;Le D\u00e9clic (Claix 38)<\/li>\n<li style=\"font-size: 16px;\"><span style=\"font-size: 16px;\"><span style=\"font-size: 16px; font-weight: bold;\">20 Mars 2026<\/span><span style=\"font-size: 16px; font-weight: 500;\">&nbsp;<\/span><span style=\"font-size: 16px;\">Amphith\u00e9\u00e2tre Coll\u00e8ge Sainte Marie (La Roche sur Foron 74)<\/span><\/span><\/li>\n<li style=\"font-style: normal; font-size: 16px;\"><b>4 Juin 2026<\/b> MJC Le Cairn (Annecy 74)<\/li><li style=\"font-style: normal; font-size: 16px;\"><b>23 Juillet 2026 <\/b>Mairie de Chamb\u00e9ry (73)<\/li>\n<li style=\"font-style: normal; font-size: 16px;\"><b>30 Juillet 2026<\/b> TAPS &#8211; Th\u00e9\u00e2tre Actuel et Public de Strasbourg (67)<\/li>\n<\/ul>\t\t\t\t\t\t<\/div>\n\t\t\t\t<\/div>\n\t\t\t\t<div class=\"elementor-element elementor-element-3c73abb elementor-widget-divider--view-line elementor-widget elementor-widget-divider\" data-id=\"3c73abb\" data-element_type=\"widget\" data-widget_type=\"divider.default\">\n\t\t\t\t<div class=\"elementor-widget-container\">\n\t\t\t<style>\/*! elementor - v3.14.0 - 26-06-2023 *\/\n.elementor-widget-divider{--divider-border-style:none;--divider-border-width:1px;--divider-color:#0c0d0e;--divider-icon-size:20px;--divider-element-spacing:10px;--divider-pattern-height:24px;--divider-pattern-size:20px;--divider-pattern-url:none;--divider-pattern-repeat:repeat-x}.elementor-widget-divider .elementor-divider{display:flex}.elementor-widget-divider .elementor-divider__text{font-size:15px;line-height:1;max-width:95%}.elementor-widget-divider .elementor-divider__element{margin:0 var(--divider-element-spacing);flex-shrink:0}.elementor-widget-divider .elementor-icon{font-size:var(--divider-icon-size)}.elementor-widget-divider .elementor-divider-separator{display:flex;margin:0;direction:ltr}.elementor-widget-divider--view-line_icon .elementor-divider-separator,.elementor-widget-divider--view-line_text .elementor-divider-separator{align-items:center}.elementor-widget-divider--view-line_icon .elementor-divider-separator:after,.elementor-widget-divider--view-line_icon .elementor-divider-separator:before,.elementor-widget-divider--view-line_text .elementor-divider-separator:after,.elementor-widget-divider--view-line_text .elementor-divider-separator:before{display:block;content:\"\";border-bottom:0;flex-grow:1;border-top:var(--divider-border-width) var(--divider-border-style) var(--divider-color)}.elementor-widget-divider--element-align-left .elementor-divider .elementor-divider-separator>.elementor-divider__svg:first-of-type{flex-grow:0;flex-shrink:100}.elementor-widget-divider--element-align-left .elementor-divider-separator:before{content:none}.elementor-widget-divider--element-align-left .elementor-divider__element{margin-left:0}.elementor-widget-divider--element-align-right .elementor-divider .elementor-divider-separator>.elementor-divider__svg:last-of-type{flex-grow:0;flex-shrink:100}.elementor-widget-divider--element-align-right .elementor-divider-separator:after{content:none}.elementor-widget-divider--element-align-right .elementor-divider__element{margin-right:0}.elementor-widget-divider:not(.elementor-widget-divider--view-line_text):not(.elementor-widget-divider--view-line_icon) .elementor-divider-separator{border-top:var(--divider-border-width) var(--divider-border-style) var(--divider-color)}.elementor-widget-divider--separator-type-pattern{--divider-border-style:none}.elementor-widget-divider--separator-type-pattern.elementor-widget-divider--view-line .elementor-divider-separator,.elementor-widget-divider--separator-type-pattern:not(.elementor-widget-divider--view-line) .elementor-divider-separator:after,.elementor-widget-divider--separator-type-pattern:not(.elementor-widget-divider--view-line) .elementor-divider-separator:before,.elementor-widget-divider--separator-type-pattern:not([class*=elementor-widget-divider--view]) .elementor-divider-separator{width:100%;min-height:var(--divider-pattern-height);-webkit-mask-size:var(--divider-pattern-size) 100%;mask-size:var(--divider-pattern-size) 100%;-webkit-mask-repeat:var(--divider-pattern-repeat);mask-repeat:var(--divider-pattern-repeat);background-color:var(--divider-color);-webkit-mask-image:var(--divider-pattern-url);mask-image:var(--divider-pattern-url)}.elementor-widget-divider--no-spacing{--divider-pattern-size:auto}.elementor-widget-divider--bg-round{--divider-pattern-repeat:round}.rtl .elementor-widget-divider .elementor-divider__text{direction:rtl}.e-con-inner>.elementor-widget-divider,.e-con>.elementor-widget-divider{width:var(--container-widget-width,100%);--flex-grow:var(--container-widget-flex-grow)}<\/style>\t\t<div class=\"elementor-divider\">\n\t\t\t<span class=\"elementor-divider-separator\">\n\t\t\t\t\t\t<\/span>\n\t\t<\/div>\n\t\t\t\t<\/div>\n\t\t\t\t<\/div>\n\t\t\t\t<div class=\"elementor-element elementor-element-507928e elementor-widget elementor-widget-heading\" data-id=\"507928e\" data-element_type=\"widget\" data-widget_type=\"heading.default\">\n\t\t\t\t<div class=\"elementor-widget-container\">\n\t\t\t<h2 class=\"elementor-heading-title elementor-size-default\">Dates Pass\u00e9es<\/h2>\t\t<\/div>\n\t\t\t\t<\/div>\n\t\t\t\t<div class=\"elementor-element elementor-element-638849f elementor-widget elementor-widget-heading\" data-id=\"638849f\" data-element_type=\"widget\" data-widget_type=\"heading.default\">\n\t\t\t\t<div class=\"elementor-widget-container\">\n\t\t\t<h2 class=\"elementor-heading-title elementor-size-default\">2025<\/h2>\t\t<\/div>\n\t\t\t\t<\/div>\n\t\t\t\t<div class=\"elementor-element elementor-element-b4fd832 elementor-widget elementor-widget-text-editor\" data-id=\"b4fd832\" data-element_type=\"widget\" data-widget_type=\"text-editor.default\">\n\t\t\t\t<div class=\"elementor-widget-container\">\n\t\t\t\t\t\t\t<ul style=\"font-variant-ligatures: normal; font-variant-caps: normal; font-family: 'Playfair Display', sans-serif; font-size: medium; color: #222222;\"><li style=\"font-style: normal; font-size: 16px;\"><span style=\"font-size: 16px;\">17<\/span><b><span style=\"font-size: 16px;\"> Ja<\/span><\/b><span style=\"font-weight: bold; font-size: 16px;\">nvier 2025<\/span>\u00a0Th\u00e9\u00e2tre du Jeu de Paume (Vizille 38)<\/li><li style=\"font-style: normal; font-weight: 500; font-size: 16px;\"><span style=\"font-size: 16px; font-weight: bold;\">21 F\u00e9vrier 2025, avec Nuit Clandestine<\/span>\u00a0Le Diapason (Saint Marcellin 38)<\/li><li style=\"font-style: normal; font-weight: 500; font-size: 16px;\"><span style=\"font-size: 16px; font-weight: bold;\">28 Mars 2025, avec Nuit Clandestine <\/span><span style=\"font-family: 'Playfair Display', sans-serif; font-size: 16px; font-style: normal; font-variant-ligatures: normal; font-variant-caps: normal; font-weight: 500;\">Espace Fran\u00e7ois Mitterrand (Montm\u00e9lian 73)<\/span><\/li><li style=\"font-style: normal; font-weight: 500; font-size: 16px;\"><span style=\"font-size: 16px; font-weight: bold;\">18 Avril 2025<\/span>\u00a0Th\u00e9\u00e2tre G\u00e9rard Philippe (Saint Jean de Maurienne 73)<\/li><li style=\"font-style: normal; font-weight: 500; font-size: 16px;\"><span style=\"font-size: 16px; font-weight: bold;\">25 Avril 2025<\/span>\u00a0Espace Michel Croz (Chamonix 74)<\/li><li style=\"font-style: normal; font-size: 16px;\"><b>1er Juillet 2025<\/b><span style=\"font-weight: 500;\"><span style=\"font-family: 'Playfair Display', sans-serif; font-size: 16px; font-style: normal; font-variant-ligatures: normal; font-variant-caps: normal; font-weight: bold;\">, avec Nuit Clandestine<\/span>\u00a0Th\u00e9\u00e2tre de verdure de la mairie de Pr\u00e9vessin-Mo\u00ebns (01)<\/span><\/li><li style=\"font-style: normal; font-size: 16px;\"><b>21 Ao\u00fbt 2025<span style=\"font-family: 'Playfair Display', sans-serif; font-size: 16px; font-style: normal; font-variant-ligatures: normal; font-variant-caps: normal; font-weight: bold;\">, avec Nuit Clandestine<\/span>\u00a0<\/b><span style=\"font-weight: 500;\">Communaut\u00e9s de communes du lac d&rsquo;Aiguebelette (Saint Alban de Montbel 73)<\/span><\/li><li style=\"font-style: normal; font-size: 16px;\"><b>3 Octobre 2025<\/b><span style=\"font-weight: 500;\">\u00a0Mairie de Romagnat (03)<\/span><\/li><li style=\"font-style: normal; font-size: 16px;\"><b>18 Octobre 2025, avec initiation aux danses swing<\/b> Le Carr\u00e9 Blanc (<span style=\"font-weight: 500;\">Tinqueux 51)<\/span><\/li><li style=\"font-size: 16px;\"><b style=\"font-size: 16px; font-style: normal;\">2 Novembre 2025<\/b><span style=\"font-size: 16px; font-style: normal; font-weight: 500;\"><span style=\"font-family: 'Playfair Display', sans-serif; font-size: 16px; font-style: normal; font-variant-ligatures: normal; font-variant-caps: normal; font-weight: bold;\">, avec Nuit Clandestine<\/span>\u00a0Espace Perdempts (Gex 01)<\/span><\/li><\/ul>\t\t\t\t\t\t<\/div>\n\t\t\t\t<\/div>\n\t\t\t\t<div class=\"elementor-element elementor-element-e32b8b9 elementor-widget elementor-widget-heading\" data-id=\"e32b8b9\" data-element_type=\"widget\" data-widget_type=\"heading.default\">\n\t\t\t\t<div class=\"elementor-widget-container\">\n\t\t\t<h2 class=\"elementor-heading-title elementor-size-default\">2024<\/h2>\t\t<\/div>\n\t\t\t\t<\/div>\n\t\t\t\t<div class=\"elementor-element elementor-element-c0f926e elementor-widget__width-initial elementor-widget elementor-widget-text-editor\" data-id=\"c0f926e\" data-element_type=\"widget\" data-widget_type=\"text-editor.default\">\n\t\t\t\t<div class=\"elementor-widget-container\">\n\t\t\t\t\t\t\t<ul style=\"color: #222222; font-family: 'Playfair Display', sans-serif; font-size: medium; font-style: normal; font-variant-ligatures: normal; font-variant-caps: normal;\"><li><b>12 Janvier 2024<\/b><b style=\"font-weight: 500;\"> <\/b>Espace Culturel Navarre (Champ sur Drac 38)<\/li><li><b>09 F\u00e9vrier 2024<\/b> Le P\u00f4le (Alby sur Ch\u00e9ran 74)<\/li><li style=\"font-weight: 500;\"><b>22 Mars 2024<\/b>\u00a0\u00a0Th\u00e9\u00e2tre La Chevalerie (Saint-Amour 39)<\/li><li><b>12 &amp; 13 Avril 2024,<\/b><b>\u00a0avec Nuit Clandestine<\/b> Le Geyser (Bellerive-sur-Allier 03)<\/li><li><span style=\"font-weight: 500;\"><b>19 Avril 2024,<\/b>\u00a0<\/span><b>avec Nuit Clandestine <\/b>La Pl\u00e9\u00efade (Allevard Les Bains 38)<\/li><li style=\"font-weight: 500;\"><b>03 &amp; 04 Mai 2024<\/b>\u00a0Com\u00e9die du Ferney (Ferney-Voltaire 01)<\/li><li style=\"font-size: 16px; font-weight: 500;\"><span style=\"font-size: 16px; font-weight: bold;\">07 Juillet 2024\u00a0<\/span>Festival Fraic&rsquo;Heures &#8211; Th\u00e9\u00e2tre Pierre Fresnay (Ermont 95)<\/li><li style=\"font-weight: 500;\"><b>24 Juillet 2024\u00a0<\/b>Office de Tourisme de Yenne (73)\u00a0<\/li><li style=\"font-weight: 500;\"><b>22 Ao\u00fbt 2024\u00a0<\/b>Festiv&rsquo;halles (Az\u00e9 71)<\/li><li><b>05 Octobre 2024,\u00a0\u00a0avec Nuit Clandestine <\/b>Espace 1500 (Amberieu en Bugey 01)<\/li><li style=\"font-weight: 500;\"><b>12 Octobre 2024\u00a0<\/b>Th\u00e9\u00e2tre du Casino, organis\u00e9 par la MJC (Aix les Bains 73)<\/li><li style=\"font-weight: 500;\"><b>26 Octobre 2024\u00a0<\/b>Espace Bellevarde (Challes les eaux 73)<\/li><li style=\"font-weight: 500;\"><b>24 Novembre 2024<\/b>\u00a0Association L&rsquo;ESTY (Chavanod 74)<\/li><li style=\"font-weight: 500;\"><b>29 Novembre 2024<\/b>\u00a0Centre Equinoxe\u00a0(La Tour du Pin 38)<\/li><li style=\"font-size: 16px; font-weight: 500;\"><span style=\"font-size: 16px; font-weight: bold;\">10 D\u00e9cembre 2024<\/span>\u00a0Espace Jean Blanc (La Ravoire 73) &#8211; s\u00e9ance priv\u00e9e organis\u00e9e par le CCAS de la Ravoire<\/li><\/ul>\t\t\t\t\t\t<\/div>\n\t\t\t\t<\/div>\n\t\t\t\t<div class=\"elementor-element elementor-element-f1d8247 elementor-widget elementor-widget-heading\" data-id=\"f1d8247\" data-element_type=\"widget\" data-widget_type=\"heading.default\">\n\t\t\t\t<div class=\"elementor-widget-container\">\n\t\t\t<h2 class=\"elementor-heading-title elementor-size-default\">2023<\/h2>\t\t<\/div>\n\t\t\t\t<\/div>\n\t\t\t\t<div class=\"elementor-element elementor-element-20b6d47 elementor-widget elementor-widget-text-editor\" data-id=\"20b6d47\" data-element_type=\"widget\" data-widget_type=\"text-editor.default\">\n\t\t\t\t<div class=\"elementor-widget-container\">\n\t\t\t\t\t\t\t<ul style=\"font-variant-ligatures: normal; font-variant-caps: normal; font-family: 'Playfair Display', sans-serif; font-size: medium; font-style: normal; color: #222222;\"><li style=\"font-weight: 500; font-size: 16px;\"><span style=\"font-size: 16px; font-weight: bold;\">14 janvier 2023<\/span>\u00a0Le Cairn (Lans en Vercors 38)<\/li><li style=\"font-weight: 500; font-size: 16px;\"><span style=\"font-size: 16px; font-weight: bold;\">28 janvier 2023<\/span>\u00a0Savoie \u00e7a swing (Drumettaz Clarafond 73)<\/li><li><b>08 &amp; 09 juillet 2023<\/b> Chap&rsquo;en F\u00eate (Ch\u00e2teauneuf 73)<\/li><li><b>29 juillet 2023<\/b><span style=\"font-weight: 400;\"> Festival de Lournand (71)<\/span><\/li><li><b>Du 23 au 27 ao\u00fbt 2023<\/b><span style=\"font-weight: 400;\"> Festival Dehors (Bourg L\u00e8s Valence 26)<\/span><\/li><li style=\"font-weight: 500; font-size: 16px;\"><span style=\"font-size: 16px; font-weight: bold;\">09 novembre 2023\u00a0<\/span>Chamb\u00e9 sur sc\u00e8ne (Chamb\u00e9ry 73)<\/li><\/ul>\t\t\t\t\t\t<\/div>\n\t\t\t\t<\/div>\n\t\t\t\t<div class=\"elementor-element elementor-element-0d927ca elementor-widget elementor-widget-heading\" data-id=\"0d927ca\" data-element_type=\"widget\" data-widget_type=\"heading.default\">\n\t\t\t\t<div class=\"elementor-widget-container\">\n\t\t\t<h2 class=\"elementor-heading-title elementor-size-default\">2022<\/h2>\t\t<\/div>\n\t\t\t\t<\/div>\n\t\t\t\t<div class=\"elementor-element elementor-element-da17ed1 elementor-widget elementor-widget-text-editor\" data-id=\"da17ed1\" data-element_type=\"widget\" data-widget_type=\"text-editor.default\">\n\t\t\t\t<div class=\"elementor-widget-container\">\n\t\t\t\t\t\t\t<ul style=\"font-variant-ligatures: medium; font-variant-caps: medium; font-style: normal; color: #222222;\"><li style=\"font-family: 'Playfair Display', sans-serif; font-size: medium;\"><span style=\"color: #000000; font-style: normal; font-variant-ligatures: normal; font-variant-caps: normal; text-align: center; font-family: 'Playfair Display', Arial, Helvetica, sans-serif; font-size: 15px;\"><b>28 janvier 2022<\/b><\/span><span style=\"font-weight: 400; color: #000000; font-style: normal; font-variant-ligatures: normal; font-variant-caps: normal; text-align: center; font-family: 'Playfair Display', Arial, Helvetica, sans-serif; font-size: 15px;\"> Th\u00e9\u00e2tre en Rond (Sassenage 38)<\/span><\/li><li><span style=\"font-family: 'Playfair Display', Arial, Helvetica, sans-serif; font-size: 15px; color: #000000; font-style: normal; font-variant-ligatures: normal; font-variant-caps: normal; text-align: center;\"><b>Du 23 au 27 f\u00e9vrier 2022 <\/b><\/span><span style=\"font-family: 'Playfair Display', Arial, Helvetica, sans-serif; font-size: 15px; font-weight: 400; color: #000000; font-style: normal; font-variant-ligatures: normal; font-variant-caps: normal; text-align: center;\">La Forgerie (Cognin 73)<\/span><\/li><li><span style=\"font-family: 'Playfair Display', Arial, Helvetica, sans-serif; font-size: 15px; color: #000000; font-style: normal; font-variant-ligatures: normal; font-variant-caps: normal; text-align: center;\"><b>16 juillet 20022<\/b><\/span><span style=\"font-family: 'Playfair Display', Arial, Helvetica, sans-serif; font-size: 15px; font-weight: 400; color: #000000; font-style: normal; font-variant-ligatures: normal; font-variant-caps: normal; text-align: center;\">\u00a0 Clermont en Sc\u00e8nes (Ch\u00e2teau de Clermont 74)\u00a0<\/span><\/li><li><span style=\"font-family: 'Playfair Display', Arial, Helvetica, sans-serif; font-size: 15px; color: #000000; font-style: normal; font-variant-ligatures: normal; font-variant-caps: normal; text-align: center;\"><b>11 ao\u00fbt 2022<\/b><\/span><span style=\"font-family: 'Playfair Display', Arial, Helvetica, sans-serif; font-size: 15px; font-weight: 400; color: #000000; font-style: normal; font-variant-ligatures: normal; font-variant-caps: normal; text-align: center;\">\u00a0 Les jeudis de Saint Lau&rsquo; (Saint Laurent du Pont 38)\u00a0<\/span><\/li><li><span style=\"font-family: 'Playfair Display', Arial, Helvetica, sans-serif; font-size: 15px; color: #000000; font-style: normal; font-variant-ligatures: normal; font-variant-caps: normal; text-align: center;\"><b>15 octobre 2022<\/b><\/span><span style=\"font-family: 'Playfair Display', Arial, Helvetica, sans-serif; font-size: 15px; font-weight: 400; color: #000000; font-style: normal; font-variant-ligatures: normal; font-variant-caps: normal; text-align: center;\">\u00a0 Espace culturel Jean Blanc (La Ravoire 73)<\/span><\/li><\/ul>\t\t\t\t\t\t<\/div>\n\t\t\t\t<\/div>\n\t\t\t\t<div class=\"elementor-element elementor-element-5fff595 elementor-widget elementor-widget-heading\" data-id=\"5fff595\" data-element_type=\"widget\" data-widget_type=\"heading.default\">\n\t\t\t\t<div class=\"elementor-widget-container\">\n\t\t\t<h2 class=\"elementor-heading-title elementor-size-default\">2021<\/h2>\t\t<\/div>\n\t\t\t\t<\/div>\n\t\t\t\t<div class=\"elementor-element elementor-element-765afbb elementor-widget elementor-widget-text-editor\" data-id=\"765afbb\" data-element_type=\"widget\" data-widget_type=\"text-editor.default\">\n\t\t\t\t<div class=\"elementor-widget-container\">\n\t\t\t\t\t\t\t<ul style=\"font-variant-ligatures: medium; font-variant-caps: medium; font-style: normal; color: #222222;\"><li style=\"font-family: 'Playfair Display', sans-serif; font-size: medium;\"><span style=\"color: #000000; font-family: 'Playfair Display', Arial, Helvetica, sans-serif; font-size: 15px; font-style: normal; font-variant-ligatures: normal; font-variant-caps: normal; text-align: center;\"><b>PREMIERE 12 novembre 2021<\/b><\/span><span style=\"color: #000000; font-family: 'Playfair Display', Arial, Helvetica, sans-serif; font-size: 15px; font-style: normal; font-variant-ligatures: normal; font-variant-caps: normal; font-weight: 400; text-align: center;\">\u00a0 Espace Culturel la Traverse (Le Bourget du Lac 73 )<\/span><\/li><\/ul>\t\t\t\t\t\t<\/div>\n\t\t\t\t<\/div>\n\t\t\t\t\t<\/div>\n\t\t<\/div>\n\t\t\t\t\t\t\t<\/div>\n\t\t<\/section>\n\t\t\t\t\t\t\t<\/div>\n\t\t","protected":false},"excerpt":{"rendered":"<p>AGENDA Contact diffusionMa\u00eblys Braque, 06 26 46 78 70, diffusion[at]cie-laclandestine.fr La billetterie est g\u00e9r\u00e9e par les structures organisatrices, sauf mention contraire. 2026 23 Janvier 2026&nbsp;Le D\u00e9clic (Claix 38) 20 Mars [&hellip;]<\/p>\n","protected":false},"author":1,"featured_media":0,"parent":0,"menu_order":0,"comment_status":"closed","ping_status":"closed","template":"","meta":{"om_disable_all_campaigns":false,"_mi_skip_tracking":false},"aioseo_notices":[],"_links":{"self":[{"href":"https:\/\/cie-laclandestine.fr\/index.php\/wp-json\/wp\/v2\/pages\/568"}],"collection":[{"href":"https:\/\/cie-laclandestine.fr\/index.php\/wp-json\/wp\/v2\/pages"}],"about":[{"href":"https:\/\/cie-laclandestine.fr\/index.php\/wp-json\/wp\/v2\/types\/page"}],"author":[{"embeddable":true,"href":"https:\/\/cie-laclandestine.fr\/index.php\/wp-json\/wp\/v2\/users\/1"}],"replies":[{"embeddable":true,"href":"https:\/\/cie-laclandestine.fr\/index.php\/wp-json\/wp\/v2\/comments?post=568"}],"version-history":[{"count":61,"href":"https:\/\/cie-laclandestine.fr\/index.php\/wp-json\/wp\/v2\/pages\/568\/revisions"}],"predecessor-version":[{"id":740,"href":"https:\/\/cie-laclandestine.fr\/index.php\/wp-json\/wp\/v2\/pages\/568\/revisions\/740"}],"wp:attachment":[{"href":"https:\/\/cie-laclandestine.fr\/index.php\/wp-json\/wp\/v2\/media?parent=568"}],"curies":[{"name":"wp","href":"https:\/\/api.w.org\/{rel}","templated":true}]}}