{"id":675,"date":"2025-03-19T16:37:53","date_gmt":"2025-03-19T16:37:53","guid":{"rendered":"https:\/\/cie-laclandestine.fr\/?page_id=675"},"modified":"2025-05-04T14:51:33","modified_gmt":"2025-05-04T14:51:33","slug":"actions-culturelles","status":"publish","type":"page","link":"https:\/\/cie-laclandestine.fr\/index.php\/actions-culturelles\/","title":{"rendered":"Actions culturelles"},"content":{"rendered":"\t\t<div data-elementor-type=\"wp-page\" data-elementor-id=\"675\" class=\"elementor elementor-675\">\n\t\t\t\t\t\t\t\t\t<section class=\"elementor-section elementor-top-section elementor-element elementor-element-36a5560 elementor-section-full_width elementor-section-height-default elementor-section-height-default\" data-id=\"36a5560\" data-element_type=\"section\">\n\t\t\t\t\t\t<div class=\"elementor-container elementor-column-gap-default\">\n\t\t\t\t\t<div class=\"elementor-column elementor-col-100 elementor-top-column elementor-element elementor-element-48ca32d\" data-id=\"48ca32d\" data-element_type=\"column\">\n\t\t\t<div class=\"elementor-widget-wrap\">\n\t\t\t\t\t\t\t\t\t<\/div>\n\t\t<\/div>\n\t\t\t\t\t\t\t<\/div>\n\t\t<\/section>\n\t\t\t\t<section class=\"elementor-section elementor-top-section elementor-element elementor-element-84fa9b1 elementor-section-full_width elementor-section-height-default elementor-section-height-default\" data-id=\"84fa9b1\" data-element_type=\"section\">\n\t\t\t\t\t\t<div class=\"elementor-container elementor-column-gap-default\">\n\t\t\t\t\t<div class=\"elementor-column elementor-col-100 elementor-top-column elementor-element elementor-element-482e808\" data-id=\"482e808\" data-element_type=\"column\">\n\t\t\t<div class=\"elementor-widget-wrap elementor-element-populated\">\n\t\t\t\t\t\t\t\t<div class=\"elementor-element elementor-element-2c2cc28 elementor-widget elementor-widget-heading\" data-id=\"2c2cc28\" data-element_type=\"widget\" data-widget_type=\"heading.default\">\n\t\t\t\t<div class=\"elementor-widget-container\">\n\t\t\t<style>\/*! elementor - v3.14.0 - 26-06-2023 *\/\n.elementor-heading-title{padding:0;margin:0;line-height:1}.elementor-widget-heading .elementor-heading-title[class*=elementor-size-]>a{color:inherit;font-size:inherit;line-height:inherit}.elementor-widget-heading .elementor-heading-title.elementor-size-small{font-size:15px}.elementor-widget-heading .elementor-heading-title.elementor-size-medium{font-size:19px}.elementor-widget-heading .elementor-heading-title.elementor-size-large{font-size:29px}.elementor-widget-heading .elementor-heading-title.elementor-size-xl{font-size:39px}.elementor-widget-heading .elementor-heading-title.elementor-size-xxl{font-size:59px}<\/style><h1 class=\"elementor-heading-title elementor-size-default\">En toute clandestinit\u00e9<\/h1>\t\t<\/div>\n\t\t\t\t<\/div>\n\t\t\t\t\t<\/div>\n\t\t<\/div>\n\t\t\t\t\t\t\t<\/div>\n\t\t<\/section>\n\t\t\t\t<section class=\"elementor-section elementor-top-section elementor-element elementor-element-8f3a8f4 elementor-section-boxed elementor-section-height-default elementor-section-height-default\" data-id=\"8f3a8f4\" data-element_type=\"section\">\n\t\t\t\t\t\t<div class=\"elementor-container elementor-column-gap-default\">\n\t\t\t\t\t<div class=\"elementor-column elementor-col-33 elementor-top-column elementor-element elementor-element-83ef727\" data-id=\"83ef727\" data-element_type=\"column\">\n\t\t\t<div class=\"elementor-widget-wrap elementor-element-populated\">\n\t\t\t\t\t\t\t\t<div class=\"elementor-element elementor-element-caa3c0c elementor-widget elementor-widget-text-editor\" data-id=\"caa3c0c\" data-element_type=\"widget\" data-widget_type=\"text-editor.default\">\n\t\t\t\t<div class=\"elementor-widget-container\">\n\t\t\t<style>\/*! elementor - v3.14.0 - 26-06-2023 *\/\n.elementor-widget-text-editor.elementor-drop-cap-view-stacked .elementor-drop-cap{background-color:#69727d;color:#fff}.elementor-widget-text-editor.elementor-drop-cap-view-framed .elementor-drop-cap{color:#69727d;border:3px solid;background-color:transparent}.elementor-widget-text-editor:not(.elementor-drop-cap-view-default) .elementor-drop-cap{margin-top:8px}.elementor-widget-text-editor:not(.elementor-drop-cap-view-default) .elementor-drop-cap-letter{width:1em;height:1em}.elementor-widget-text-editor .elementor-drop-cap{float:left;text-align:center;line-height:1;font-size:50px}.elementor-widget-text-editor .elementor-drop-cap-letter{display:inline-block}<\/style>\t\t\t\t<p>Projet \u00e9ducatif de cr\u00e9ation artistique autour de danses swing<\/p>\t\t\t\t\t\t<\/div>\n\t\t\t\t<\/div>\n\t\t\t\t<div class=\"elementor-element elementor-element-78513a0 elementor-align-center elementor-hidden-desktop elementor-hidden-tablet elementor-widget elementor-widget-button\" data-id=\"78513a0\" data-element_type=\"widget\" data-widget_type=\"button.default\">\n\t\t\t\t<div class=\"elementor-widget-container\">\n\t\t\t\t\t<div class=\"elementor-button-wrapper\">\n\t\t\t<a class=\"elementor-button elementor-button-link elementor-size-sm\" href=\"#\">\n\t\t\t\t\t\t<span class=\"elementor-button-content-wrapper\">\n\t\t\t\t\t\t<span class=\"elementor-button-text\">Disponible sur le Pass Culture<\/span>\n\t\t<\/span>\n\t\t\t\t\t<\/a>\n\t\t<\/div>\n\t\t\t\t<\/div>\n\t\t\t\t<\/div>\n\t\t\t\t<div class=\"elementor-element elementor-element-d340f9b elementor-hidden-desktop elementor-hidden-tablet elementor-widget elementor-widget-text-editor\" data-id=\"d340f9b\" data-element_type=\"widget\" data-widget_type=\"text-editor.default\">\n\t\t\t\t<div class=\"elementor-widget-container\">\n\t\t\t\t\t\t\t<p><span style=\"font-size: 15px;\">Danses Swing \/ Travail Corporel<\/span><\/p>\n<p><span style=\"font-family: 'Playfair Display'; font-size: 15px;\">7&nbsp; r\u00e9p\u00e9titions de 2h en 4 semaines + repr\u00e9sentation avec \u00e9l\u00e8ves<br><\/span><span style=\"font-family: 'Playfair Display'; font-size: 15px;\">ou 4 r\u00e9p\u00e9titions de 2h en 1 semaine + repr\u00e9sentation avec \u00e9l\u00e8ves<br><\/span><span style=\"font-size: 15px;\"><span style=\"font-family: Playfair Display;\">Dur\u00e9e de la repr\u00e9sentation : environ 15 min<\/span><\/span><\/p>\n<p><span style=\"font-size: 15px;\">Cr\u00e9ation rentr\u00e9e scolaire 2025<\/span><span style=\"font-size: 15px;\"><span style=\"font-family: Playfair Display;\"><br><\/span><\/span><\/p>\t\t\t\t\t\t<\/div>\n\t\t\t\t<\/div>\n\t\t\t\t<div class=\"elementor-element elementor-element-0c5f499 elementor-widget elementor-widget-text-editor\" data-id=\"0c5f499\" data-element_type=\"widget\" data-widget_type=\"text-editor.default\">\n\t\t\t\t<div class=\"elementor-widget-container\">\n\t\t\t\t\t\t\t<p><span style=\"font-size: 14px;\">Un projet de cr\u00e9ation en \u00e9tablissement scolaire autour de la danse swing et du travail corporel sur plusieurs semaines, aboutissant \u00e0 une courte repr\u00e9sentation d&rsquo;un sc\u00e9nario dansant, \u00e9crit en amont, en lien avec le spectacle Prohibition de la cie La Clandestine.<\/span><\/p><p><span style=\"font-size: 14px;\">Ce projet est \u00e0 destination d&rsquo;un public lyc\u00e9en, voire coll\u00e9gien, pour des groupes allant de 15 \u00e0 20 jeunes.<\/span><\/p><p><span style=\"font-size: 14px;\">Il a pour objectif\u00a0<\/span><span style=\"font-size: 14px;\">de vivre la force de coh\u00e9sion d&rsquo;un groupe ;\u00a0<\/span><span style=\"font-size: 14px;\">de gagner en conscience corporelle, en confiance en soi, en capacit\u00e9 \u00e0 s&rsquo;exposer devant un public, et \u00e0 d\u00e9passer son inhibition ;\u00a0<\/span><span style=\"font-size: 14px;\">de jouer ;\u00a0<\/span><span style=\"font-size: 14px;\">d&rsquo;acqu\u00e9rir les bases d&rsquo;une danse sociale ;\u00a0\u00a0<\/span><span style=\"font-size: 14px;\">de rencontrer les professionnels du spectacle et leur parcours.<\/span><\/p><p><span style=\"font-size: 14px;\">Pour plus de d\u00e9tails sur le contenu \u00e9ducatif, contactez Stella Gaton (<\/span>stellagaton@yahoo.fr)<\/p>\t\t\t\t\t\t<\/div>\n\t\t\t\t<\/div>\n\t\t\t\t\t<\/div>\n\t\t<\/div>\n\t\t\t\t<div class=\"elementor-column elementor-col-66 elementor-top-column elementor-element elementor-element-523eb8d\" data-id=\"523eb8d\" data-element_type=\"column\">\n\t\t\t<div class=\"elementor-widget-wrap elementor-element-populated\">\n\t\t\t\t\t\t\t\t<div class=\"elementor-element elementor-element-9add553 elementor-align-center elementor-hidden-mobile elementor-widget elementor-widget-button\" data-id=\"9add553\" data-element_type=\"widget\" data-widget_type=\"button.default\">\n\t\t\t\t<div class=\"elementor-widget-container\">\n\t\t\t\t\t<div class=\"elementor-button-wrapper\">\n\t\t\t<a class=\"elementor-button elementor-button-link elementor-size-sm\" href=\"#\">\n\t\t\t\t\t\t<span class=\"elementor-button-content-wrapper\">\n\t\t\t\t\t\t<span class=\"elementor-button-text\">Disponible sur le Pass Culture<\/span>\n\t\t<\/span>\n\t\t\t\t\t<\/a>\n\t\t<\/div>\n\t\t\t\t<\/div>\n\t\t\t\t<\/div>\n\t\t\t\t<div class=\"elementor-element elementor-element-d48eece elementor-hidden-mobile elementor-widget elementor-widget-text-editor\" data-id=\"d48eece\" data-element_type=\"widget\" data-widget_type=\"text-editor.default\">\n\t\t\t\t<div class=\"elementor-widget-container\">\n\t\t\t\t\t\t\t<p><span style=\"font-size: 15px;\">Danses Swing \/ Travail Corporel<\/span><\/p>\n<p><span style=\"font-family: 'Playfair Display'; font-size: 15px;\">7&nbsp; r\u00e9p\u00e9titions de 2h en 4 semaines + repr\u00e9sentation avec \u00e9l\u00e8ves<br><\/span><span style=\"font-family: 'Playfair Display'; font-size: 15px;\">ou 4 r\u00e9p\u00e9titions de 2h en 1 semaine + repr\u00e9sentation avec \u00e9l\u00e8ves<br><\/span><span style=\"font-size: 15px;\"><span style=\"font-family: Playfair Display;\">Dur\u00e9e de la repr\u00e9sentation : environ 15 min<\/span><\/span><\/p>\n<p><span style=\"font-size: 15px;\">Cr\u00e9ation rentr\u00e9e scolaire 2025<\/span><span style=\"font-size: 15px;\"><span style=\"font-family: Playfair Display;\"><br><\/span><\/span><\/p>\t\t\t\t\t\t<\/div>\n\t\t\t\t<\/div>\n\t\t\t\t<div class=\"elementor-element elementor-element-0c5784e elementor-hidden-mobile elementor-icon-list--layout-traditional elementor-list-item-link-full_width elementor-widget elementor-widget-icon-list\" data-id=\"0c5784e\" data-element_type=\"widget\" data-widget_type=\"icon-list.default\">\n\t\t\t\t<div class=\"elementor-widget-container\">\n\t\t\t<link rel=\"stylesheet\" href=\"https:\/\/cie-laclandestine.fr\/wp-content\/plugins\/elementor\/assets\/css\/widget-icon-list.min.css\">\t\t<ul class=\"elementor-icon-list-items\">\n\t\t\t\t\t\t\t<li class=\"elementor-icon-list-item\">\n\t\t\t\t\t\t\t\t\t\t\t<a href=\"https:\/\/drive.google.com\/file\/d\/16GZiQnz5QhCXWaLJr3vwtleIRbRwQOvh\/view?usp=sharing\" target=\"_blank\">\n\n\t\t\t\t\t\t\t\t\t\t\t\t<span class=\"elementor-icon-list-icon\">\n\t\t\t\t\t\t\t<i aria-hidden=\"true\" class=\"fas fa-arrow-alt-circle-down\"><\/i>\t\t\t\t\t\t<\/span>\n\t\t\t\t\t\t\t\t\t\t<span class=\"elementor-icon-list-text\">Dossier P\u00e9dagogique spectacle Prohibition<\/span>\n\t\t\t\t\t\t\t\t\t\t\t<\/a>\n\t\t\t\t\t\t\t\t\t<\/li>\n\t\t\t\t\t\t<\/ul>\n\t\t\t\t<\/div>\n\t\t\t\t<\/div>\n\t\t\t\t\t<\/div>\n\t\t<\/div>\n\t\t\t\t\t\t\t<\/div>\n\t\t<\/section>\n\t\t\t\t<section class=\"elementor-section elementor-top-section elementor-element elementor-element-e0865f3 elementor-section-boxed elementor-section-height-default elementor-section-height-default\" data-id=\"e0865f3\" data-element_type=\"section\">\n\t\t\t\t\t\t<div class=\"elementor-container elementor-column-gap-default\">\n\t\t\t\t\t<div class=\"elementor-column elementor-col-100 elementor-top-column elementor-element elementor-element-ae301ec\" data-id=\"ae301ec\" data-element_type=\"column\">\n\t\t\t<div class=\"elementor-widget-wrap elementor-element-populated\">\n\t\t\t\t\t\t\t\t<div class=\"elementor-element elementor-element-2a58200 elementor-widget elementor-widget-image\" data-id=\"2a58200\" data-element_type=\"widget\" data-widget_type=\"image.default\">\n\t\t\t\t<div class=\"elementor-widget-container\">\n\t\t\t<style>\/*! elementor - v3.14.0 - 26-06-2023 *\/\n.elementor-widget-image{text-align:center}.elementor-widget-image a{display:inline-block}.elementor-widget-image a img[src$=\".svg\"]{width:48px}.elementor-widget-image img{vertical-align:middle;display:inline-block}<\/style>\t\t\t\t\t\t\t\t\t\t\t\t<img decoding=\"async\" width=\"1024\" height=\"683\" src=\"https:\/\/cie-laclandestine.fr\/wp-content\/uploads\/2025\/05\/PROHIBITION-16-1024x683.jpg\" class=\"attachment-large size-large wp-image-681\" alt=\"\" loading=\"lazy\" srcset=\"https:\/\/cie-laclandestine.fr\/wp-content\/uploads\/2025\/05\/PROHIBITION-16-1024x683.jpg 1024w, https:\/\/cie-laclandestine.fr\/wp-content\/uploads\/2025\/05\/PROHIBITION-16-300x200.jpg 300w, https:\/\/cie-laclandestine.fr\/wp-content\/uploads\/2025\/05\/PROHIBITION-16-768x512.jpg 768w, https:\/\/cie-laclandestine.fr\/wp-content\/uploads\/2025\/05\/PROHIBITION-16-1536x1024.jpg 1536w, https:\/\/cie-laclandestine.fr\/wp-content\/uploads\/2025\/05\/PROHIBITION-16-2048x1366.jpg 2048w\" sizes=\"(max-width: 1024px) 100vw, 1024px\" \/>\t\t\t\t\t\t\t\t\t\t\t\t\t\t\t<\/div>\n\t\t\t\t<\/div>\n\t\t\t\t\t<\/div>\n\t\t<\/div>\n\t\t\t\t\t\t\t<\/div>\n\t\t<\/section>\n\t\t\t\t\t\t\t<\/div>\n\t\t","protected":false},"excerpt":{"rendered":"<p>En toute clandestinit\u00e9 Projet \u00e9ducatif de cr\u00e9ation artistique autour de danses swing Disponible sur le Pass Culture Danses Swing \/ Travail Corporel 7&nbsp; r\u00e9p\u00e9titions de 2h en 4 semaines + [&hellip;]<\/p>\n","protected":false},"author":1,"featured_media":0,"parent":0,"menu_order":0,"comment_status":"closed","ping_status":"closed","template":"","meta":{"om_disable_all_campaigns":false,"_mi_skip_tracking":false},"aioseo_notices":[],"_links":{"self":[{"href":"https:\/\/cie-laclandestine.fr\/index.php\/wp-json\/wp\/v2\/pages\/675"}],"collection":[{"href":"https:\/\/cie-laclandestine.fr\/index.php\/wp-json\/wp\/v2\/pages"}],"about":[{"href":"https:\/\/cie-laclandestine.fr\/index.php\/wp-json\/wp\/v2\/types\/page"}],"author":[{"embeddable":true,"href":"https:\/\/cie-laclandestine.fr\/index.php\/wp-json\/wp\/v2\/users\/1"}],"replies":[{"embeddable":true,"href":"https:\/\/cie-laclandestine.fr\/index.php\/wp-json\/wp\/v2\/comments?post=675"}],"version-history":[{"count":11,"href":"https:\/\/cie-laclandestine.fr\/index.php\/wp-json\/wp\/v2\/pages\/675\/revisions"}],"predecessor-version":[{"id":700,"href":"https:\/\/cie-laclandestine.fr\/index.php\/wp-json\/wp\/v2\/pages\/675\/revisions\/700"}],"wp:attachment":[{"href":"https:\/\/cie-laclandestine.fr\/index.php\/wp-json\/wp\/v2\/media?parent=675"}],"curies":[{"name":"wp","href":"https:\/\/api.w.org\/{rel}","templated":true}]}}